{"id":1178689,"date":"2026-03-16T11:04:32","date_gmt":"2026-03-16T11:04:32","guid":{"rendered":"https:\/\/www.uniformjeans.com\/collection\/new-denver-skinny-b3\/"},"modified":"2026-03-16T11:04:43","modified_gmt":"2026-03-16T11:04:43","slug":"new-denver-skinny-b3","status":"publish","type":"product","link":"https:\/\/www.uniformjeans.com\/it\/prodotto\/new-denver-skinny-b3\/","title":{"rendered":"New Denver Skinny"},"content":{"rendered":"<div class=\"wpb-content-wrapper\"><p>[vc_row row_height_percent=&#8221;0&#8243; override_padding=&#8221;yes&#8221; h_padding=&#8221;0&#8243; top_padding=&#8221;0&#8243; bottom_padding=&#8221;3&#8243; back_color=&#8221;color-xsdn&#8221; overlay_alpha=&#8221;50&#8243; gutter_size=&#8221;3&#8243; column_width_percent=&#8221;100&#8243; shift_y=&#8221;0&#8243; z_index=&#8221;0&#8243; content_parallax=&#8221;0&#8243; uncode_shortcode_id=&#8221;208034&#8243; back_color_type=&#8221;uncode-palette&#8221;][vc_column column_width_percent=&#8221;100&#8243; gutter_size=&#8221;2&#8243; overlay_alpha=&#8221;50&#8243; shift_x=&#8221;0&#8243; shift_y=&#8221;0&#8243; shift_y_down=&#8221;0&#8243; z_index=&#8221;0&#8243; medium_width=&#8221;0&#8243; mobile_width=&#8221;0&#8243; width=&#8221;1\/1&#8243; uncode_shortcode_id=&#8221;937601&#8243;][vc_tabs tab_scrolling=&#8221;yes&#8221; typography=&#8221;yes&#8221; tab_no_border=&#8221;yes&#8221; product_from_builder=&#8221;yes&#8221; uncode_shortcode_id=&#8221;637431&#8243;][vc_tab gutter_size=&#8221;2&#8243; column_padding=&#8221;2&#8243; title=&#8221;Info&#8221; tab_id=&#8221;355701801624c0-0fd7918f-2ab840a6-098573e4-3bab&#8221; product_from_builder=&#8221;yes&#8221;][vc_row_inner row_inner_height_percent=&#8221;0&#8243; force_width_grid=&#8221;yes&#8221; overlay_alpha=&#8221;50&#8243; gutter_size=&#8221;0&#8243; shift_y=&#8221;0&#8243; z_index=&#8221;0&#8243; uncode_shortcode_id=&#8221;321237&#8243; limit_content=&#8221;&#8221;][vc_column_inner column_width_percent=&#8221;100&#8243; gutter_size=&#8221;3&#8243; overlay_alpha=&#8221;50&#8243; shift_x=&#8221;0&#8243; shift_y=&#8221;0&#8243; shift_y_down=&#8221;0&#8243; z_index=&#8221;0&#8243; medium_width=&#8221;0&#8243; mobile_width=&#8221;0&#8243; width=&#8221;1\/1&#8243; uncode_shortcode_id=&#8221;591338&#8243;][uncode_list icon=&#8221;fa fa-circle-check&#8221; icon_color=&#8221;accent&#8221; uncode_shortcode_id=&#8221;355500&#8243; icon_color_type=&#8221;uncode-palette&#8221;]<\/p>\n<ul>\n<li>Spedizione gratuita su tutti gli ordini<\/li>\n<li>30-day easy returns<\/li>\n<li>All taxes and duties included<\/li>\n<\/ul>\n<p>[\/uncode_list][vc_column_text uncode_shortcode_id=&#8221;714134&#8243;]The products displayed on our website may, in some cases, appear slightly different in color than their actual shade, depending on the lighting conditions or the display device used by the user.[\/vc_column_text][\/vc_column_inner][\/vc_row_inner][\/vc_tab][vc_tab gutter_size=&#8221;2&#8243; column_padding=&#8221;2&#8243; title=&#8221;Certificazioni&#8221; tab_id=&#8221;1750861463613-2-1918f-2ab840a6-098573e4-3bab&#8221;][vc_single_image media=&#8221;159672&#8243; media_width_use_pixel=&#8221;yes&#8221; uncode_shortcode_id=&#8221;147278&#8243; media_width_pixel=&#8221;400px&#8221;][\/vc_tab][vc_tab gutter_size=&#8221;2&#8243; column_padding=&#8221;2&#8243; title=&#8221;Guida alle taglie&#8221; tab_id=&#8221;701801624c0-0fd7918f-2ab840a6-098573e4-3bab&#8221; product_from_builder=&#8221;yes&#8221;][vc_row_inner row_inner_height_percent=&#8221;0&#8243; overlay_alpha=&#8221;50&#8243; gutter_size=&#8221;3&#8243; shift_y=&#8221;0&#8243; z_index=&#8221;0&#8243; uncode_shortcode_id=&#8221;807482&#8243; limit_content=&#8221;&#8221;][vc_column_inner column_width_percent=&#8221;100&#8243; position_horizontal=&#8221;right&#8221; align_horizontal=&#8221;align_right&#8221; gutter_size=&#8221;3&#8243; overlay_alpha=&#8221;50&#8243; shift_x=&#8221;0&#8243; shift_y=&#8221;0&#8243; shift_y_down=&#8221;0&#8243; z_index=&#8221;0&#8243; medium_width=&#8221;0&#8243; align_mobile=&#8221;align_right_mobile&#8221; mobile_width=&#8221;4&#8243; width=&#8221;1\/3&#8243; uncode_shortcode_id=&#8221;787606&#8243;][vc_single_image media=&#8221;1175004&#8243; media_width_percent=&#8221;100&#8243; alignment=&#8221;right&#8221; uncode_shortcode_id=&#8221;144981&#8243;][\/vc_column_inner][vc_column_inner column_width_percent=&#8221;100&#8243; position_horizontal=&#8221;left&#8221; gutter_size=&#8221;3&#8243; overlay_alpha=&#8221;50&#8243; shift_x=&#8221;0&#8243; shift_y=&#8221;0&#8243; shift_y_down=&#8221;0&#8243; z_index=&#8221;0&#8243; medium_width=&#8221;0&#8243; align_mobile=&#8221;align_left_mobile&#8221; mobile_width=&#8221;4&#8243; width=&#8221;2\/3&#8243; uncode_shortcode_id=&#8221;164828&#8243;][vc_column_text uncode_shortcode_id=&#8221;211717&#8243;]<strong>BOTTOM WIDTH: <\/strong>15,8cm<br \/>\n<strong>FRONT RISE: <\/strong>19,3cm<br \/>\n<strong>LENGHT: <\/strong>77cm[\/vc_column_text][\/vc_column_inner][\/vc_row_inner][\/vc_tab][\/vc_tabs][\/vc_column][\/vc_row]<\/p>\n<\/div>","protected":false},"excerpt":{"rendered":"<p>Jeans a cinque tasche dal taglio slim in denim azzurro, con struttura classica e rifiniture essenziali. Il New Denver Skinny Fit \u00e8 caratterizzato da una silhouette sottile e aderente con un&#8217;altezza della vita regolare e un fondo stretto. Ideale per l&#8217;uso quotidiano in citt\u00e0, si distingue per la scelta di materiali di qualit\u00e0 e la stabilit\u00e0 nel tempo.<\/p>\n<p class=\"p1\"><strong>MODEL: NEW DENVER<\/strong><strong><br \/>\n<span class=\"s1\">FIT: <\/span><\/strong>SKINNY<br \/>\n<strong><span class=\"s1\">LAVAGGIO:<\/span><\/strong><span class=\"s1\"> B3<\/span><br \/>\nTESSUTO: 98,5%CO 1,5%EA &#8211; 11oz<br \/>\nELASTICITA: COMFORT<br \/>\n<strong>CODE:<\/strong><span class=\"s2\"> 7-UM0180.020.B3.055<\/span><\/p>\n<p><strong>Il modello \u00e8 alto 186 cm e veste una taglia 33<\/strong><\/p>\n","protected":false},"featured_media":1175594,"template":"","meta":{"inline_featured_image":false},"product_brand":[1013],"product_cat":[1001097],"product_tag":[1001113],"class_list":{"0":"post-1178689","1":"product","2":"type-product","3":"status-publish","4":"has-post-thumbnail","6":"product_brand-denim","7":"product_cat-new-denver-skinny","8":"product_tag-magro","10":"first","11":"instock","12":"taxable","13":"shipping-taxable","14":"purchasable","15":"product-type-variable"},"_links":{"self":[{"href":"https:\/\/www.uniformjeans.com\/it\/wp-json\/wp\/v2\/product\/1178689","targetHints":{"allow":["GET"]}}],"collection":[{"href":"https:\/\/www.uniformjeans.com\/it\/wp-json\/wp\/v2\/product"}],"about":[{"href":"https:\/\/www.uniformjeans.com\/it\/wp-json\/wp\/v2\/types\/product"}],"wp:featuredmedia":[{"embeddable":true,"href":"https:\/\/www.uniformjeans.com\/it\/wp-json\/wp\/v2\/media\/1175594"}],"wp:attachment":[{"href":"https:\/\/www.uniformjeans.com\/it\/wp-json\/wp\/v2\/media?parent=1178689"}],"wp:term":[{"taxonomy":"product_brand","embeddable":true,"href":"https:\/\/www.uniformjeans.com\/it\/wp-json\/wp\/v2\/product_brand?post=1178689"},{"taxonomy":"product_cat","embeddable":true,"href":"https:\/\/www.uniformjeans.com\/it\/wp-json\/wp\/v2\/product_cat?post=1178689"},{"taxonomy":"product_tag","embeddable":true,"href":"https:\/\/www.uniformjeans.com\/it\/wp-json\/wp\/v2\/product_tag?post=1178689"}],"curies":[{"name":"wp","href":"https:\/\/api.w.org\/{rel}","templated":true}]}}