{"id":1178482,"date":"2026-03-16T10:43:11","date_gmt":"2026-03-16T10:43:11","guid":{"rendered":"https:\/\/www.uniformjeans.com\/collection\/new-claude-regular-loose-lino-590\/"},"modified":"2026-03-16T10:43:21","modified_gmt":"2026-03-16T10:43:21","slug":"new-claude-regular-loose-lino-590","status":"publish","type":"product","link":"https:\/\/www.uniformjeans.com\/it\/prodotto\/new-claude-regular-loose-lino-590\/","title":{"rendered":"New Claude Regular Loose Lino"},"content":{"rendered":"<div class=\"wpb-content-wrapper\"><p>[vc_row row_height_percent=&#8221;0&#8243; override_padding=&#8221;yes&#8221; h_padding=&#8221;0&#8243; top_padding=&#8221;0&#8243; bottom_padding=&#8221;3&#8243; back_color=&#8221;color-xsdn&#8221; overlay_alpha=&#8221;50&#8243; gutter_size=&#8221;3&#8243; column_width_percent=&#8221;100&#8243; shift_y=&#8221;0&#8243; z_index=&#8221;0&#8243; content_parallax=&#8221;0&#8243; uncode_shortcode_id=&#8221;208034&#8243; back_color_type=&#8221;uncode-palette&#8221;][vc_column column_width_percent=&#8221;100&#8243; gutter_size=&#8221;2&#8243; overlay_alpha=&#8221;50&#8243; shift_x=&#8221;0&#8243; shift_y=&#8221;0&#8243; shift_y_down=&#8221;0&#8243; z_index=&#8221;0&#8243; medium_width=&#8221;0&#8243; mobile_width=&#8221;0&#8243; width=&#8221;1\/1&#8243; uncode_shortcode_id=&#8221;937601&#8243;][vc_tabs tab_scrolling=&#8221;yes&#8221; typography=&#8221;yes&#8221; tab_no_border=&#8221;yes&#8221; product_from_builder=&#8221;yes&#8221; uncode_shortcode_id=&#8221;637431&#8243;][vc_tab gutter_size=&#8221;2&#8243; column_padding=&#8221;2&#8243; title=&#8221;Info&#8221; tab_id=&#8221;355701801624c0-0fd7918f-2ab840a6-09855025-c3ef&#8221; product_from_builder=&#8221;yes&#8221;][vc_row_inner row_inner_height_percent=&#8221;0&#8243; force_width_grid=&#8221;yes&#8221; overlay_alpha=&#8221;50&#8243; gutter_size=&#8221;0&#8243; shift_y=&#8221;0&#8243; z_index=&#8221;0&#8243; uncode_shortcode_id=&#8221;321237&#8243; limit_content=&#8221;&#8221;][vc_column_inner column_width_percent=&#8221;100&#8243; gutter_size=&#8221;3&#8243; overlay_alpha=&#8221;50&#8243; shift_x=&#8221;0&#8243; shift_y=&#8221;0&#8243; shift_y_down=&#8221;0&#8243; z_index=&#8221;0&#8243; medium_width=&#8221;0&#8243; mobile_width=&#8221;0&#8243; width=&#8221;1\/1&#8243; uncode_shortcode_id=&#8221;591338&#8243;][vc_column_text uncode_shortcode_id=&#8221;141250&#8243;]I prodotti visualizzati sul nostro sito web possono, in alcuni casi, apparire di colore leggermente diverso da quello reale, a seconda delle condizioni di illuminazione o del dispositivo di visualizzazione utilizzato dall&#8217;utente.[\/vc_column_text][uncode_list icon=&#8221;fa fa-circle-check&#8221; icon_color=&#8221;accent&#8221; uncode_shortcode_id=&#8221;962556&#8243; icon_color_type=&#8221;uncode-palette&#8221;]<\/p>\n<ul>\n<li>Spedizione gratuita su tutti gli ordini<\/li>\n<li>14 giorni di reso facile<\/li>\n<li>Tutte le tasse e i dazi doganali sono inclusi<\/li>\n<\/ul>\n<p>[\/uncode_list][\/vc_column_inner][\/vc_row_inner][\/vc_tab][vc_tab gutter_size=&#8221;2&#8243; column_padding=&#8221;2&#8243; title=&#8221;Guida alle taglie&#8221; tab_id=&#8221;701801624c0-0fd7918f-2ab840a6-09855025-c3ef&#8221; product_from_builder=&#8221;yes&#8221;][vc_row_inner row_inner_height_percent=&#8221;0&#8243; overlay_alpha=&#8221;50&#8243; gutter_size=&#8221;3&#8243; shift_y=&#8221;0&#8243; z_index=&#8221;0&#8243; uncode_shortcode_id=&#8221;807482&#8243; limit_content=&#8221;&#8221;][vc_column_inner column_width_percent=&#8221;100&#8243; position_horizontal=&#8221;right&#8221; align_horizontal=&#8221;align_right&#8221; gutter_size=&#8221;3&#8243; overlay_alpha=&#8221;50&#8243; shift_x=&#8221;0&#8243; shift_y=&#8221;0&#8243; shift_y_down=&#8221;0&#8243; z_index=&#8221;0&#8243; medium_width=&#8221;0&#8243; align_mobile=&#8221;align_right_mobile&#8221; mobile_width=&#8221;4&#8243; width=&#8221;1\/3&#8243; uncode_shortcode_id=&#8221;787606&#8243;][vc_single_image media=&#8221;1175004&#8243; media_width_percent=&#8221;100&#8243; alignment=&#8221;right&#8221; uncode_shortcode_id=&#8221;144981&#8243;][\/vc_column_inner][vc_column_inner column_width_percent=&#8221;100&#8243; position_horizontal=&#8221;left&#8221; gutter_size=&#8221;3&#8243; overlay_alpha=&#8221;50&#8243; shift_x=&#8221;0&#8243; shift_y=&#8221;0&#8243; shift_y_down=&#8221;0&#8243; z_index=&#8221;0&#8243; medium_width=&#8221;0&#8243; align_mobile=&#8221;align_left_mobile&#8221; mobile_width=&#8221;4&#8243; width=&#8221;2\/3&#8243; uncode_shortcode_id=&#8221;164828&#8243;][vc_column_text uncode_shortcode_id=&#8221;444701&#8243;]<strong>LARGHEZZA FONDO:<\/strong> 21 cm<br \/>\n<strong><span class=\"s1\">ALTEZZA ANTERIORE:<\/span><\/strong> 28 cm<br \/>\n<strong><span class=\"s1\">LUNGHEZZA:<\/span><\/strong><span class=\"s1\"> 75cm<\/span>[\/vc_column_text][\/vc_column_inner][\/vc_row_inner][\/vc_tab][vc_tab gutter_size=&#8221;2&#8243; column_padding=&#8221;2&#8243; title=&#8221;Certificazioni&#8221; tab_id=&#8221;1750861463613-2-1918f-2ab840a6-09855025-c3ef&#8221;][vc_single_image media=&#8221;159672&#8243; media_width_use_pixel=&#8221;yes&#8221; uncode_shortcode_id=&#8221;515556&#8243; media_width_pixel=&#8221;400px&#8221;][\/vc_tab][\/vc_tabs][\/vc_column][\/vc_row]<\/p>\n<\/div>","protected":false},"excerpt":{"rendered":"<p>Pantaloni larghi dal taglio regolare con quattro tasche, caratterizzati da una linea pulita e da un look sartoriale. Il nuovo modello Claude Regular Loose Fit coniuga comfort e linee moderne, rendendolo un capo versatile e indispensabile per il guardaroba di tutti i giorni, dai look casual agli outfit urbani eleganti. Realizzato in twill di cotone Uniform Jeans di prima qualit\u00e0, offre una mano morbida e compatta con la giusta quantit\u00e0 di elasticit\u00e0.<\/p>\n<p class=\"p1\"><strong>MODELLO:<\/strong> NEW CLAUDE<br \/>\n<strong><span class=\"s1\">VESTIBILIT\u00c0: <\/span><\/strong>REGOLARE<br \/>\n<strong><span class=\"s1\">COLORE: <\/span><\/strong><span class=\"s1\">BLUE NAVY<\/span><br \/>\n<strong><span class=\"s3\">TESSUTO: <\/span><\/strong><span class=\"s3\">100%LINO &#8211; 185grm<br \/>\n<strong>ELASTICIT\u00c0:<\/strong><span class=\"s2\"> RIGID<\/span><\/span><br \/>\n<strong>CODE:<\/strong><span class=\"s2\"> 7-UM0033.007.XC.055<\/span><\/p>\n<p><strong>il modello \u00e8 alto 186 cm e indossa una taglia 33<\/strong><\/p>\n","protected":false},"featured_media":1175163,"template":"","meta":{"inline_featured_image":false},"product_brand":[1014],"product_cat":[1001063],"product_tag":[1001075],"class_list":{"0":"post-1178482","1":"product","2":"type-product","3":"status-publish","4":"has-post-thumbnail","6":"product_brand-trousers","7":"product_cat-new-claude-chino-straight","8":"product_tag-regular","10":"first","11":"instock","12":"taxable","13":"shipping-taxable","14":"purchasable","15":"product-type-variable","16":"has-default-attributes"},"_links":{"self":[{"href":"https:\/\/www.uniformjeans.com\/it\/wp-json\/wp\/v2\/product\/1178482","targetHints":{"allow":["GET"]}}],"collection":[{"href":"https:\/\/www.uniformjeans.com\/it\/wp-json\/wp\/v2\/product"}],"about":[{"href":"https:\/\/www.uniformjeans.com\/it\/wp-json\/wp\/v2\/types\/product"}],"wp:featuredmedia":[{"embeddable":true,"href":"https:\/\/www.uniformjeans.com\/it\/wp-json\/wp\/v2\/media\/1175163"}],"wp:attachment":[{"href":"https:\/\/www.uniformjeans.com\/it\/wp-json\/wp\/v2\/media?parent=1178482"}],"wp:term":[{"taxonomy":"product_brand","embeddable":true,"href":"https:\/\/www.uniformjeans.com\/it\/wp-json\/wp\/v2\/product_brand?post=1178482"},{"taxonomy":"product_cat","embeddable":true,"href":"https:\/\/www.uniformjeans.com\/it\/wp-json\/wp\/v2\/product_cat?post=1178482"},{"taxonomy":"product_tag","embeddable":true,"href":"https:\/\/www.uniformjeans.com\/it\/wp-json\/wp\/v2\/product_tag?post=1178482"}],"curies":[{"name":"wp","href":"https:\/\/api.w.org\/{rel}","templated":true}]}}