{"id":1178001,"date":"2026-03-13T13:43:52","date_gmt":"2026-03-13T13:43:52","guid":{"rendered":"https:\/\/www.uniformjeans.com\/about\/"},"modified":"2026-03-13T13:43:55","modified_gmt":"2026-03-13T13:43:55","slug":"about","status":"publish","type":"page","link":"https:\/\/www.uniformjeans.com\/it\/about\/","title":{"rendered":"About"},"content":{"rendered":"<div class=\"wpb-content-wrapper\"><p>[vc_row unlock_row_content=&#8221;yes&#8221; row_height_percent=&#8221;100&#8243; override_padding=&#8221;yes&#8221; h_padding=&#8221;0&#8243; top_padding=&#8221;0&#8243; bottom_padding=&#8221;0&#8243; back_color=&#8221;color-wayh&#8221; overlay_alpha=&#8221;0&#8243; equal_height=&#8221;yes&#8221; gutter_size=&#8221;0&#8243; column_width_percent=&#8221;100&#8243; shift_y=&#8221;0&#8243; z_index=&#8221;0&#8243; content_parallax=&#8221;0&#8243; uncode_shortcode_id=&#8221;989724&#8243; back_color_type=&#8221;uncode-palette&#8221;][vc_column column_width_percent=&#8221;100&#8243; position_vertical=&#8221;middle&#8221; align_horizontal=&#8221;align_center&#8221; gutter_size=&#8221;2&#8243; override_padding=&#8221;yes&#8221; column_padding=&#8221;5&#8243; style=&#8221;dark&#8221; back_color=&#8221;color-wayh&#8221; back_image=&#8221;1178000&#8243; kburns=&#8221;zoom&#8221; overlay_alpha=&#8221;0&#8243; shift_x=&#8221;0&#8243; shift_y=&#8221;0&#8243; shift_y_down=&#8221;0&#8243; z_index=&#8221;0&#8243; medium_width=&#8221;0&#8243; mobile_width=&#8221;0&#8243; width=&#8221;1\/2&#8243; uncode_shortcode_id=&#8221;164422&#8243; back_color_type=&#8221;uncode-palette&#8221; mobile_height=&#8221;700px&#8221;][vc_custom_heading text_color=&#8221;color-lxmt&#8221; heading_semantic=&#8221;h3&#8243; text_size=&#8221;fontsize-445851&#8243; text_weight=&#8221;600&#8243; text_height=&#8221;fontheight-179065&#8243; text_space=&#8221;fontspace-781688&#8243; css_animation=&#8221;curtain&#8221; animation_speed=&#8221;1000&#8243; animation_delay=&#8221;200&#8243; uncode_shortcode_id=&#8221;191253&#8243; text_color_type=&#8221;uncode-palette&#8221;]IL DENIM ITALIANO DAL 1982[\/vc_custom_heading][\/vc_column][vc_column column_width_percent=&#8221;100&#8243; position_vertical=&#8221;middle&#8221; align_horizontal=&#8221;align_center&#8221; gutter_size=&#8221;2&#8243; override_padding=&#8221;yes&#8221; column_padding=&#8221;5&#8243; style=&#8221;dark&#8221; back_color=&#8221;color-xsdn&#8221; overlay_alpha=&#8221;100&#8243; shift_x=&#8221;0&#8243; shift_y=&#8221;0&#8243; shift_y_down=&#8221;0&#8243; z_index=&#8221;0&#8243; medium_width=&#8221;0&#8243; mobile_width=&#8221;0&#8243; width=&#8221;1\/2&#8243; link_to=&#8221;target:_blank|&#8221; uncode_shortcode_id=&#8221;191811&#8243; back_color_type=&#8221;uncode-palette&#8221;][vc_custom_heading text_color=&#8221;color-nhtu&#8221; heading_semantic=&#8221;p&#8221; text_size=&#8221;custom&#8221; text_weight=&#8221;200&#8243; text_height=&#8221;fontheight-357766&#8243; text_space=&#8221;fontspace-781688&#8243; css_animation=&#8221;curtain&#8221; animation_speed=&#8221;1000&#8243; animation_delay=&#8221;400&#8243; interval_animation=&#8221;200&#8243; uncode_shortcode_id=&#8221;113345&#8243; text_color_type=&#8221;uncode-palette&#8221; heading_custom_size=&#8221;24px&#8221;]La storia di Uniform abbraccia pi\u00f9 di quattro decenni, dagli anni &#8217;80 a oggi, con un occhio attento al passato ma una visione focalizzata sul presente e, soprattutto, sul futuro. Gli iconici anni &#8217;80 segnano l&#8217;inizio del nostro percorso in Italia, mentre dal 2003, con l&#8217;acquisizione da parte di un importante produttore europeo, Uniform ha iniziato a trasformare l&#8217;eredit\u00e0 del passato in innovazione contemporanea. <\/p>\n<p>Con la nostra nuova collezione Primavera\/Estate abbiamo superato ancora una volta le aspettative. La maggior parte dei nostri jeans \u00e8 realizzata con tessuti di altissima qualit\u00e0 provenienti dai produttori di denim pi\u00f9 prestigiosi al mondo. <\/p>\n<p>Quest&#8217;anno festeggiamo il 43\u00b0 anniversario del nostro marchio. Nel corso degli anni, molte cose intorno a noi sono cambiate, compresa l&#8217;evoluzione dell&#8217;industria della moda. Tuttavia, una costante che UNIFORM ha sempre mantenuto \u00e8 l&#8217;alta qualit\u00e0 dei suoi capi e la passione con cui viene creata ogni collezione.[\/vc_custom_heading][\/vc_column][\/vc_row][vc_row row_height_percent=&#8221;50&#8243; override_padding=&#8221;yes&#8221; h_padding=&#8221;2&#8243; top_padding=&#8221;5&#8243; bottom_padding=&#8221;5&#8243; overlay_alpha=&#8221;50&#8243; gutter_size=&#8221;3&#8243; column_width_percent=&#8221;100&#8243; shift_y=&#8221;0&#8243; z_index=&#8221;0&#8243;][vc_column column_width_use_pixel=&#8221;yes&#8221; position_vertical=&#8221;middle&#8221; align_horizontal=&#8221;align_center&#8221; gutter_size=&#8221;3&#8243; overlay_alpha=&#8221;50&#8243; shift_x=&#8221;0&#8243; shift_y=&#8221;0&#8243; shift_y_down=&#8221;0&#8243; z_index=&#8221;0&#8243; medium_width=&#8221;0&#8243; mobile_width=&#8221;0&#8243; width=&#8221;1\/1&#8243; column_width_pixel=&#8221;900&#8243;][vc_custom_heading heading_semantic=&#8221;h3&#8243; text_size=&#8221;fontsize-155944&#8243; uncode_shortcode_id=&#8221;240744&#8243;]la storia continua[\/vc_custom_heading][uncode_socials size=&#8221;lead&#8221;][\/vc_column][\/vc_row]<\/p>\n<\/div>","protected":false},"excerpt":{"rendered":"<p>[vc_row unlock_row_content=&#8221;yes&#8221; row_height_percent=&#8221;100&#8243; override_padding=&#8221;yes&#8221; h_padding=&#8221;0&#8243; top_padding=&#8221;0&#8243; bottom_padding=&#8221;0&#8243; back_color=&#8221;color-wayh&#8221; overlay_alpha=&#8221;0&#8243; equal_height=&#8221;yes&#8221; gutter_size=&#8221;0&#8243; column_width_percent=&#8221;100&#8243; shift_y=&#8221;0&#8243; z_index=&#8221;0&#8243; content_parallax=&#8221;0&#8243; uncode_shortcode_id=&#8221;989724&#8243; back_color_type=&#8221;uncode-palette&#8221;][vc_column column_width_percent=&#8221;100&#8243; position_vertical=&#8221;middle&#8221; align_horizontal=&#8221;align_center&#8221; [&hellip;]<\/p>\n","protected":false},"author":1,"featured_media":0,"parent":0,"menu_order":0,"comment_status":"closed","ping_status":"closed","template":"","meta":{"inline_featured_image":false,"footnotes":""},"class_list":["post-1178001","page","type-page","status-publish","hentry"],"_links":{"self":[{"href":"https:\/\/www.uniformjeans.com\/it\/wp-json\/wp\/v2\/pages\/1178001","targetHints":{"allow":["GET"]}}],"collection":[{"href":"https:\/\/www.uniformjeans.com\/it\/wp-json\/wp\/v2\/pages"}],"about":[{"href":"https:\/\/www.uniformjeans.com\/it\/wp-json\/wp\/v2\/types\/page"}],"author":[{"embeddable":true,"href":"https:\/\/www.uniformjeans.com\/it\/wp-json\/wp\/v2\/users\/1"}],"replies":[{"embeddable":true,"href":"https:\/\/www.uniformjeans.com\/it\/wp-json\/wp\/v2\/comments?post=1178001"}],"version-history":[{"count":3,"href":"https:\/\/www.uniformjeans.com\/it\/wp-json\/wp\/v2\/pages\/1178001\/revisions"}],"predecessor-version":[{"id":1178009,"href":"https:\/\/www.uniformjeans.com\/it\/wp-json\/wp\/v2\/pages\/1178001\/revisions\/1178009"}],"wp:attachment":[{"href":"https:\/\/www.uniformjeans.com\/it\/wp-json\/wp\/v2\/media?parent=1178001"}],"curies":[{"name":"wp","href":"https:\/\/api.w.org\/{rel}","templated":true}]}}